{"id":2390,"date":"2018-10-25T12:17:26","date_gmt":"2018-10-25T10:17:26","guid":{"rendered":"https:\/\/www.lt-ultra.com\/?page_id=2390"},"modified":"2026-02-18T11:22:33","modified_gmt":"2026-02-18T10:22:33","slug":"upgrade-and-retrofit","status":"publish","type":"page","link":"https:\/\/www.lt-ultra.com\/en\/service\/upgrade-and-retrofit\/","title":{"rendered":"Upgrade and retrofit"},"content":{"rendered":"<section class=\"l-section wpb_row height_medium\"><div class=\"l-section-h i-cf\"><div class=\"g-cols vc_row via_flex valign_top type_default stacking_default\"><div class=\"vc_col-sm-12 wpb_column vc_column_container\"><div class=\"vc_column-inner\"><div class=\"wpb_wrapper\"><div class=\"wpb_text_column\"><div class=\"wpb_wrapper\"><h1>Upgrade and retrofit<\/h1>\n<\/div><\/div><div class=\"wpb_text_column\"><div class=\"wpb_wrapper\"><p>Wenn die Anforderungen an Ihr Produkt stetig steigen helfen wir Ihnen mit Ihren Anlagen hinterher zu kommen. In einem pers\u00f6nlichen Gespr\u00e4ch finden wir die besten Optionen f\u00fcr eine Nachr\u00fcstung Ihre Anlagen und Anwendungen und bringen Ihre Anlage auf den neuesten Stand.<\/p>\n<\/div><\/div><div class=\"g-cols wpb_row via_flex valign_top type_default stacking_default\"><div class=\"vc_col-sm-6 wpb_column vc_column_container\"><div class=\"vc_column-inner\"><div class=\"wpb_wrapper\"><div class=\"w-image align_none\"><div class=\"w-image-h\"><img decoding=\"async\" width=\"1024\" height=\"680\" src=\"https:\/\/www.lt-ultra.com\/wp-content\/uploads\/2018\/06\/modernisierung_nachruestung-1024x680.jpg\" class=\"attachment-large size-large\" alt=\"Bedienkonsole\" loading=\"lazy\" srcset=\"https:\/\/www.lt-ultra.com\/wp-content\/uploads\/2018\/06\/modernisierung_nachruestung.jpg 1024w, https:\/\/www.lt-ultra.com\/wp-content\/uploads\/2018\/06\/modernisierung_nachruestung-300x199.jpg 300w, https:\/\/www.lt-ultra.com\/wp-content\/uploads\/2018\/06\/modernisierung_nachruestung-768x510.jpg 768w\" sizes=\"auto, (max-width: 1024px) 100vw, 1024px\" \/><\/div><\/div><\/div><\/div><\/div><div class=\"vc_col-sm-6 wpb_column vc_column_container\"><div class=\"vc_column-inner\"><div class=\"wpb_wrapper\"><div class=\"wpb_text_column\"><div class=\"wpb_wrapper\"><p>Typische Modernisierungen und Nachr\u00fcstungen sind unter anderem folgende:<\/p>\n<ul>\n<li>Rechnertausch<\/li>\n<li>Steuerungsupdate\/tausch<\/li>\n<li>Spindeltausch<\/li>\n<li>Erweiterung um zus\u00e4tzliche Achsen<\/li>\n<li>Nachr\u00fcstung Kipp-Schwenkeinheit f\u00fcr 5-Achs-Bearbeitung<\/li>\n<li>Zus\u00e4tzliche Automatisierungstechnik<\/li>\n<li>Softwarel\u00f6sungen<\/li>\n<li>Loggingfunktionen<\/li>\n<\/ul>\n<\/div><\/div><\/div><\/div><\/div><\/div><\/div><\/div><\/div><\/div><\/div><\/section><section class=\"l-section wpb_row height_medium\"><div class=\"l-section-h i-cf\"><div class=\"g-cols vc_row via_flex valign_top type_default stacking_default\"><div class=\"vc_col-sm-12 wpb_column vc_column_container\"><div class=\"vc_column-inner\"><div class=\"wpb_wrapper\"><div class=\"wpb_text_column\"><div class=\"wpb_wrapper\"><h2><span style=\"font-size: 24pt;\">Contact person<\/span><\/h2>\n<\/div><\/div><div class=\"g-cols wpb_row via_flex valign_top type_default stacking_default\"><div class=\"vc_col-sm-6 wpb_column vc_column_container\"><div class=\"vc_column-inner\"><div class=\"wpb_wrapper\"><div class=\"ult-animation  ult-no-mobile \" data-animate=\"bounceInLeft\" data-animation-delay=\"0\" data-animation-duration=\"1\" data-animation-iteration=\"1\" style=\"\" ><div class=\"w-image align_none\"><div class=\"w-image-h\"><img decoding=\"async\" width=\"400\" height=\"400\" src=\"https:\/\/www.lt-ultra.com\/wp-content\/uploads\/2018\/11\/LT-Ultra-Schmidt_L.jpg\" class=\"attachment-large size-large\" alt=\"Dr. Kai Schmidt\" loading=\"lazy\" srcset=\"https:\/\/www.lt-ultra.com\/wp-content\/uploads\/2018\/11\/LT-Ultra-Schmidt_L.jpg 400w, https:\/\/www.lt-ultra.com\/wp-content\/uploads\/2018\/11\/LT-Ultra-Schmidt_L-150x150.jpg 150w, https:\/\/www.lt-ultra.com\/wp-content\/uploads\/2018\/11\/LT-Ultra-Schmidt_L-300x300.jpg 300w, https:\/\/www.lt-ultra.com\/wp-content\/uploads\/2018\/11\/LT-Ultra-Schmidt_L-350x350.jpg 350w\" sizes=\"auto, (max-width: 400px) 100vw, 400px\" \/><\/div><\/div><\/div><div class=\"ult-animation  ult-no-mobile \" data-animate=\"bounceInUp\" data-animation-delay=\"0.25\" data-animation-duration=\"1\" data-animation-iteration=\"1\" style=\"\" ><div class=\"wpb_text_column\"><div class=\"wpb_wrapper\"><table>\n<tbody>\n<tr>\n<td>First name:<\/td>\n<td><strong>Dr. Kai<br \/>\n<\/strong><\/td>\n<\/tr>\n<tr>\n<td>Last name:<\/td>\n<td><strong>Schmidt<\/strong><\/td>\n<\/tr>\n<tr>\n<td>Responsible for:<\/td>\n<td><strong>Development and construction, special purpose machines<br \/>\n<\/strong><\/td>\n<\/tr>\n<tr>\n<td>Phone:<\/td>\n<td><strong>+49 (0) 7552 \u2013 4 05 99-69<\/strong><\/td>\n<\/tr>\n<\/tbody>\n<\/table>\n<\/div><\/div><\/div><\/div><\/div><\/div><div class=\"vc_col-sm-6 wpb_column vc_column_container\"><div class=\"vc_column-inner\"><div class=\"wpb_wrapper\"><div class=\"ult-animation  ult-no-mobile \" data-animate=\"bounceInRight\" data-animation-delay=\"0.5\" data-animation-duration=\"1\" data-animation-iteration=\"1\" style=\"\" ><div class=\"wpb_text_column\"><div class=\"wpb_wrapper\">\n<div class=\"wpcf7 no-js\" id=\"wpcf7-f2697-o1\" lang=\"de-DE\" dir=\"ltr\" data-wpcf7-id=\"2697\">\n<div class=\"screen-reader-response\"><p role=\"status\" aria-live=\"polite\" aria-atomic=\"true\"><\/p> <ul><\/ul><\/div>\n<form action=\"\/en\/wp-json\/wp\/v2\/pages\/2390#wpcf7-f2697-o1\" method=\"post\" class=\"wpcf7-form init\" aria-label=\"Kontaktformular\" novalidate=\"novalidate\" data-status=\"init\">\n<fieldset class=\"hidden-fields-container\"><input type=\"hidden\" name=\"_wpcf7\" value=\"2697\" \/><input type=\"hidden\" name=\"_wpcf7_version\" value=\"6.1.4\" \/><input type=\"hidden\" name=\"_wpcf7_locale\" value=\"de_DE\" \/><input type=\"hidden\" name=\"_wpcf7_unit_tag\" value=\"wpcf7-f2697-o1\" \/><input type=\"hidden\" name=\"_wpcf7_container_post\" value=\"0\" \/><input type=\"hidden\" name=\"_wpcf7_posted_data_hash\" value=\"\" \/>\n<\/fieldset>\n<div id=\"responsive-form\" class=\"clearfix\">\n\t<div class=\"form-row\">\n\t\t<div class=\"column-full\">\n\t\t\t<p>Organisation* <span class=\"wpcf7-form-control-wrap\" data-name=\"Firmenname\"><input size=\"40\" maxlength=\"400\" class=\"wpcf7-form-control wpcf7-text wpcf7-validates-as-required\" aria-required=\"true\" aria-invalid=\"false\" placeholder=\"Fill in organisation\" value=\"\" type=\"text\" name=\"Firmenname\" \/><\/span>\n\t\t\t<\/p>\n\t\t<\/div>\n\t<\/div>\n\t<div class=\"form-row\">\n\t\t<div class=\"column-half\">\n\t\t\t<p>First name<span class=\"wpcf7-form-control-wrap\" data-name=\"VName\"><input size=\"40\" maxlength=\"400\" class=\"wpcf7-form-control wpcf7-text\" aria-invalid=\"false\" placeholder=\"Fill in first name\" value=\"\" type=\"text\" name=\"VName\" \/><\/span>\n\t\t\t<\/p>\n\t\t<\/div>\n\t\t<div class=\"column-half\">\n\t\t\t<p>Last name* <span class=\"wpcf7-form-control-wrap\" data-name=\"NName\"><input size=\"40\" maxlength=\"400\" class=\"wpcf7-form-control wpcf7-text wpcf7-validates-as-required\" aria-required=\"true\" aria-invalid=\"false\" placeholder=\"Fill in last name\" value=\"\" type=\"text\" name=\"NName\" \/><\/span>\n\t\t\t<\/p>\n\t\t<\/div>\n\t<\/div>\n\t<div class=\"form-row\">\n\t\t<div class=\"column-full\">\n\t\t\t<p>Address* <span class=\"wpcf7-form-control-wrap\" data-name=\"Adresse\"><input size=\"40\" maxlength=\"400\" class=\"wpcf7-form-control wpcf7-text wpcf7-validates-as-required\" aria-required=\"true\" aria-invalid=\"false\" placeholder=\"Fill in address\" value=\"\" type=\"text\" name=\"Adresse\" \/><\/span>\n\t\t\t<\/p>\n\t\t<\/div>\n\t<\/div>\n\t<div class=\"form-row\">\n\t\t<div class=\"column-full\">\n\t\t\t<p>Country* <span class=\"wpcf7-form-control-wrap\" data-name=\"Land\"><input size=\"40\" maxlength=\"400\" class=\"wpcf7-form-control wpcf7-text wpcf7-validates-as-required\" aria-required=\"true\" aria-invalid=\"false\" placeholder=\"Fill in country\" value=\"\" type=\"text\" name=\"Land\" \/><\/span>\n\t\t\t<\/p>\n\t\t<\/div>\n\t<\/div>\n\t<div class=\"form-row\">\n\t\t<div class=\"column-half\">\n\t\t\t<p>Website <span class=\"wpcf7-form-control-wrap\" data-name=\"website\"><input size=\"40\" maxlength=\"400\" class=\"wpcf7-form-control wpcf7-text\" aria-invalid=\"false\" placeholder=\"Fill in Website\" value=\"\" type=\"text\" name=\"website\" \/><\/span>\n\t\t\t<\/p>\n\t\t<\/div>\n\t\t<div class=\"column-half\">\n\t\t\t<p>Phone<span class=\"wpcf7-form-control-wrap\" data-name=\"telefon\"><input size=\"40\" maxlength=\"400\" class=\"wpcf7-form-control wpcf7-text\" aria-invalid=\"false\" placeholder=\"Fill in phone\" value=\"\" type=\"text\" name=\"telefon\" \/><\/span>\n\t\t\t<\/p>\n\t\t<\/div>\n\t<\/div>\n\t<div class=\"form-row\">\n\t\t<div class=\"column-full\">\n\t\t\t<p>eMail* <span class=\"wpcf7-form-control-wrap\" data-name=\"email\"><input size=\"40\" maxlength=\"400\" class=\"wpcf7-form-control wpcf7-email wpcf7-validates-as-required wpcf7-text wpcf7-validates-as-email\" aria-required=\"true\" aria-invalid=\"false\" placeholder=\"Fill in eMail\" value=\"\" type=\"email\" name=\"email\" \/><\/span>\n\t\t\t<\/p>\n\t\t<\/div>\n\t<\/div>\n\t<div class=\"form-row\">\n\t\t<div class=\"column-full\">\n\t\t\t<p>Subject* <span class=\"wpcf7-form-control-wrap\" data-name=\"Betreff\"><input size=\"40\" maxlength=\"400\" class=\"wpcf7-form-control wpcf7-text wpcf7-validates-as-required\" aria-required=\"true\" aria-invalid=\"false\" placeholder=\"Fill in subject\" value=\"\" type=\"text\" name=\"Betreff\" \/><\/span>\n\t\t\t<\/p>\n\t\t<\/div>\n\t<\/div>\n\t<div class=\"form-row\">\n\t\t<div class=\"column-full\">\n\t\t\t<p>Message* <span class=\"wpcf7-form-control-wrap\" data-name=\"Nachricht\"><textarea cols=\"40\" rows=\"10\" maxlength=\"2000\" class=\"wpcf7-form-control wpcf7-textarea wpcf7-validates-as-required\" aria-required=\"true\" aria-invalid=\"false\" placeholder=\"Fill in Message\" name=\"Nachricht\"><\/textarea><\/span>\n\t\t\t<\/p>\n\t\t<\/div>\n\t\t<div class=\"column-full\">\n\t\t\t<p><i><b> * required fields<\/b><\/i>\n\t\t\t<\/p>\n\t\t<\/div>\n\t<\/div>\n\t<div class=\"form-row\">\n\t\t<div class=\"column-full\">\n\t\t\t<p><span class=\"wpcf7-form-control-wrap\" data-name=\"checkbox-dsgvo\"><span class=\"wpcf7-form-control wpcf7-checkbox wpcf7-validates-as-required\"><span class=\"wpcf7-list-item first last\"><input type=\"checkbox\" name=\"checkbox-dsgvo[]\" value=\"Yes, I have read the privacy policy and I hereby agree that my voluntarily provided data will be permanently stored for contact and for further inquiries. I have the right to delete my personal data at any time.\" \/><span class=\"wpcf7-list-item-label\">Yes, I have read the privacy policy and I hereby agree that my voluntarily provided data will be permanently stored for contact and for further inquiries. I have the right to delete my personal data at any time.<\/span><\/span><\/span><\/span>\n\t\t\t<\/p>\n\t\t<\/div>\n\t<\/div>\n\t<div class=\"form-row\">\n\t\t<div class=\"column-full\">\n\t\t\t<p><input class=\"wpcf7-form-control wpcf7-submit has-spinner\" type=\"submit\" value=\"...submit\" \/>\n\t\t\t<\/p>\n\t\t<\/div>\n\t<\/div>\n<\/div><!--end responsive-form--><div class=\"wpcf7-response-output\" aria-hidden=\"true\"><\/div>\n<\/form>\n<\/div>\n\n<\/div><\/div><\/div><\/div><\/div><\/div><\/div><\/div><\/div><\/div><\/div><\/div><\/section><!-- Row Backgrounds --><div class=\"upb_color\" data-bg-override=\"0\" data-bg-color=\"#f0f1f2\" data-fadeout=\"\" data-fadeout-percentage=\"30\" data-parallax-content=\"\" data-parallax-content-sense=\"30\" data-row-effect-mobile-disable=\"true\" data-img-parallax-mobile-disable=\"true\" data-rtl=\"false\"  data-custom-vc-row=\"\"  data-vc=\"8.7.2\"  data-is_old_vc=\"\"  data-theme-support=\"\"   data-overlay=\"false\" data-overlay-color=\"\" data-overlay-pattern=\"\" data-overlay-pattern-opacity=\"\" data-overlay-pattern-size=\"\"    ><\/div>\n","protected":false},"excerpt":{"rendered":"Upgrade and retrofit Wenn die Anforderungen an Ihr Produkt stetig steigen helfen wir Ihnen mit Ihren Anlagen hinterher zu kommen. In einem pers\u00f6nlichen Gespr\u00e4ch finden wir die besten Optionen f\u00fcr eine Nachr\u00fcstung Ihre Anlagen und Anwendungen und bringen Ihre Anlage auf den neuesten Stand. Typische Modernisierungen und Nachr\u00fcstungen sind unter anderem folgende: Rechnertausch Steuerungsupdate\/tausch Spindeltausch...","protected":false},"author":1,"featured_media":0,"parent":2377,"menu_order":3,"comment_status":"closed","ping_status":"closed","template":"","meta":{"footnotes":""},"class_list":["post-2390","page","type-page","status-publish","hentry"],"yoast_head":"<!-- This site is optimized with the Yoast SEO plugin v26.7 - https:\/\/yoast.com\/wordpress\/plugins\/seo\/ -->\n<title>Upgrade and retrofit - LT Ultra Precision Technology GmbH<\/title>\n<meta name=\"robots\" content=\"index, follow, max-snippet:-1, max-image-preview:large, max-video-preview:-1\" \/>\n<link rel=\"canonical\" href=\"https:\/\/www.lt-ultra.com\/en\/service\/upgrade-and-retrofit\/\" \/>\n<meta property=\"og:locale\" content=\"en_US\" \/>\n<meta property=\"og:type\" content=\"article\" \/>\n<meta property=\"og:title\" content=\"Upgrade and retrofit - LT Ultra Precision Technology GmbH\" \/>\n<meta property=\"og:url\" content=\"https:\/\/www.lt-ultra.com\/en\/service\/upgrade-and-retrofit\/\" \/>\n<meta property=\"og:site_name\" content=\"LT Ultra Precision Technology GmbH\" \/>\n<meta property=\"article:modified_time\" content=\"2026-02-18T10:22:33+00:00\" \/>\n<meta property=\"og:image\" content=\"https:\/\/www.lt-ultra.com\/wp-content\/uploads\/2018\/06\/LT_ultra_Logo_kompakt.jpg\" \/>\n\t<meta property=\"og:image:width\" content=\"510\" \/>\n\t<meta property=\"og:image:height\" content=\"682\" \/>\n\t<meta property=\"og:image:type\" content=\"image\/jpeg\" \/>\n<meta name=\"twitter:card\" content=\"summary_large_image\" \/>\n<meta name=\"twitter:label1\" content=\"Est. reading time\" \/>\n\t<meta name=\"twitter:data1\" content=\"1 minute\" \/>\n<script type=\"application\/ld+json\" class=\"yoast-schema-graph\">{\"@context\":\"https:\/\/schema.org\",\"@graph\":[{\"@type\":\"WebPage\",\"@id\":\"https:\/\/www.lt-ultra.com\/en\/service\/upgrade-and-retrofit\/\",\"url\":\"https:\/\/www.lt-ultra.com\/en\/service\/upgrade-and-retrofit\/\",\"name\":\"Upgrade and retrofit - LT Ultra Precision Technology GmbH\",\"isPartOf\":{\"@id\":\"https:\/\/www.lt-ultra.com\/#website\"},\"datePublished\":\"2018-10-25T10:17:26+00:00\",\"dateModified\":\"2026-02-18T10:22:33+00:00\",\"breadcrumb\":{\"@id\":\"https:\/\/www.lt-ultra.com\/en\/service\/upgrade-and-retrofit\/#breadcrumb\"},\"inLanguage\":\"en-US\",\"potentialAction\":[{\"@type\":\"ReadAction\",\"target\":[\"https:\/\/www.lt-ultra.com\/en\/service\/upgrade-and-retrofit\/\"]}]},{\"@type\":\"BreadcrumbList\",\"@id\":\"https:\/\/www.lt-ultra.com\/en\/service\/upgrade-and-retrofit\/#breadcrumb\",\"itemListElement\":[{\"@type\":\"ListItem\",\"position\":1,\"name\":\"Startseite\",\"item\":\"https:\/\/www.lt-ultra.com\/en\/\"},{\"@type\":\"ListItem\",\"position\":2,\"name\":\"Service\",\"item\":\"https:\/\/www.lt-ultra.com\/en\/service\/\"},{\"@type\":\"ListItem\",\"position\":3,\"name\":\"Upgrade and retrofit\"}]},{\"@type\":\"WebSite\",\"@id\":\"https:\/\/www.lt-ultra.com\/#website\",\"url\":\"https:\/\/www.lt-ultra.com\/\",\"name\":\"LT-Ultra-Precision-Technology GmbH\",\"description\":\"Our Profession Is Precision\",\"publisher\":{\"@id\":\"https:\/\/www.lt-ultra.com\/#organization\"},\"potentialAction\":[{\"@type\":\"SearchAction\",\"target\":{\"@type\":\"EntryPoint\",\"urlTemplate\":\"https:\/\/www.lt-ultra.com\/?s={search_term_string}\"},\"query-input\":{\"@type\":\"PropertyValueSpecification\",\"valueRequired\":true,\"valueName\":\"search_term_string\"}}],\"inLanguage\":\"en-US\"},{\"@type\":\"Organization\",\"@id\":\"https:\/\/www.lt-ultra.com\/#organization\",\"name\":\"LT Ultra Precision Technology GmbH\",\"url\":\"https:\/\/www.lt-ultra.com\/\",\"logo\":{\"@type\":\"ImageObject\",\"inLanguage\":\"en-US\",\"@id\":\"https:\/\/www.lt-ultra.com\/#\/schema\/logo\/image\/\",\"url\":\"https:\/\/www.lt-ultra.com\/wp-content\/uploads\/2018\/06\/LT_ultra_Logo_kompakt.jpg\",\"contentUrl\":\"https:\/\/www.lt-ultra.com\/wp-content\/uploads\/2018\/06\/LT_ultra_Logo_kompakt.jpg\",\"width\":510,\"height\":682,\"caption\":\"LT Ultra Precision Technology GmbH\"},\"image\":{\"@id\":\"https:\/\/www.lt-ultra.com\/#\/schema\/logo\/image\/\"}}]}<\/script>\n<!-- \/ Yoast SEO plugin. -->","yoast_head_json":{"title":"Upgrade and retrofit - LT Ultra Precision Technology GmbH","robots":{"index":"index","follow":"follow","max-snippet":"max-snippet:-1","max-image-preview":"max-image-preview:large","max-video-preview":"max-video-preview:-1"},"canonical":"https:\/\/www.lt-ultra.com\/en\/service\/upgrade-and-retrofit\/","og_locale":"en_US","og_type":"article","og_title":"Upgrade and retrofit - LT Ultra Precision Technology GmbH","og_url":"https:\/\/www.lt-ultra.com\/en\/service\/upgrade-and-retrofit\/","og_site_name":"LT Ultra Precision Technology GmbH","article_modified_time":"2026-02-18T10:22:33+00:00","og_image":[{"width":510,"height":682,"url":"https:\/\/www.lt-ultra.com\/wp-content\/uploads\/2018\/06\/LT_ultra_Logo_kompakt.jpg","type":"image\/jpeg"}],"twitter_card":"summary_large_image","twitter_misc":{"Est. reading time":"1 minute"},"schema":{"@context":"https:\/\/schema.org","@graph":[{"@type":"WebPage","@id":"https:\/\/www.lt-ultra.com\/en\/service\/upgrade-and-retrofit\/","url":"https:\/\/www.lt-ultra.com\/en\/service\/upgrade-and-retrofit\/","name":"Upgrade and retrofit - LT Ultra Precision Technology GmbH","isPartOf":{"@id":"https:\/\/www.lt-ultra.com\/#website"},"datePublished":"2018-10-25T10:17:26+00:00","dateModified":"2026-02-18T10:22:33+00:00","breadcrumb":{"@id":"https:\/\/www.lt-ultra.com\/en\/service\/upgrade-and-retrofit\/#breadcrumb"},"inLanguage":"en-US","potentialAction":[{"@type":"ReadAction","target":["https:\/\/www.lt-ultra.com\/en\/service\/upgrade-and-retrofit\/"]}]},{"@type":"BreadcrumbList","@id":"https:\/\/www.lt-ultra.com\/en\/service\/upgrade-and-retrofit\/#breadcrumb","itemListElement":[{"@type":"ListItem","position":1,"name":"Startseite","item":"https:\/\/www.lt-ultra.com\/en\/"},{"@type":"ListItem","position":2,"name":"Service","item":"https:\/\/www.lt-ultra.com\/en\/service\/"},{"@type":"ListItem","position":3,"name":"Upgrade and retrofit"}]},{"@type":"WebSite","@id":"https:\/\/www.lt-ultra.com\/#website","url":"https:\/\/www.lt-ultra.com\/","name":"LT-Ultra-Precision-Technology GmbH","description":"Our Profession Is Precision","publisher":{"@id":"https:\/\/www.lt-ultra.com\/#organization"},"potentialAction":[{"@type":"SearchAction","target":{"@type":"EntryPoint","urlTemplate":"https:\/\/www.lt-ultra.com\/?s={search_term_string}"},"query-input":{"@type":"PropertyValueSpecification","valueRequired":true,"valueName":"search_term_string"}}],"inLanguage":"en-US"},{"@type":"Organization","@id":"https:\/\/www.lt-ultra.com\/#organization","name":"LT Ultra Precision Technology GmbH","url":"https:\/\/www.lt-ultra.com\/","logo":{"@type":"ImageObject","inLanguage":"en-US","@id":"https:\/\/www.lt-ultra.com\/#\/schema\/logo\/image\/","url":"https:\/\/www.lt-ultra.com\/wp-content\/uploads\/2018\/06\/LT_ultra_Logo_kompakt.jpg","contentUrl":"https:\/\/www.lt-ultra.com\/wp-content\/uploads\/2018\/06\/LT_ultra_Logo_kompakt.jpg","width":510,"height":682,"caption":"LT Ultra Precision Technology GmbH"},"image":{"@id":"https:\/\/www.lt-ultra.com\/#\/schema\/logo\/image\/"}}]}},"_links":{"self":[{"href":"https:\/\/www.lt-ultra.com\/en\/wp-json\/wp\/v2\/pages\/2390","targetHints":{"allow":["GET"]}}],"collection":[{"href":"https:\/\/www.lt-ultra.com\/en\/wp-json\/wp\/v2\/pages"}],"about":[{"href":"https:\/\/www.lt-ultra.com\/en\/wp-json\/wp\/v2\/types\/page"}],"author":[{"embeddable":true,"href":"https:\/\/www.lt-ultra.com\/en\/wp-json\/wp\/v2\/users\/1"}],"replies":[{"embeddable":true,"href":"https:\/\/www.lt-ultra.com\/en\/wp-json\/wp\/v2\/comments?post=2390"}],"version-history":[{"count":8,"href":"https:\/\/www.lt-ultra.com\/en\/wp-json\/wp\/v2\/pages\/2390\/revisions"}],"predecessor-version":[{"id":8538,"href":"https:\/\/www.lt-ultra.com\/en\/wp-json\/wp\/v2\/pages\/2390\/revisions\/8538"}],"up":[{"embeddable":true,"href":"https:\/\/www.lt-ultra.com\/en\/wp-json\/wp\/v2\/pages\/2377"}],"wp:attachment":[{"href":"https:\/\/www.lt-ultra.com\/en\/wp-json\/wp\/v2\/media?parent=2390"}],"curies":[{"name":"wp","href":"https:\/\/api.w.org\/{rel}","templated":true}]}}