{"id":2439,"date":"2018-10-25T12:46:08","date_gmt":"2018-10-25T10:46:08","guid":{"rendered":"https:\/\/www.lt-ultra.com\/?page_id=2439"},"modified":"2026-02-17T16:27:57","modified_gmt":"2026-02-17T15:27:57","slug":"beam-delivery","status":"publish","type":"page","link":"https:\/\/www.lt-ultra.com\/en\/beam-delivery\/","title":{"rendered":"Beam delivery"},"content":{"rendered":"<section class=\"l-section wpb_row height_small\"><div class=\"l-section-h i-cf\"><div class=\"g-cols vc_row via_flex valign_top type_default stacking_default\"><div class=\"vc_col-sm-12 wpb_column vc_column_container\"><div class=\"vc_column-inner\"><div class=\"wpb_wrapper\"><div class=\"w-separator size_custom\" style=\"height:32px\"><\/div><div class=\"wpb_text_column us_custom_570539c2 has_text_color\"><div class=\"wpb_wrapper\"><h1 style=\"text-align: center;\">Beam delivery<\/h1>\n<\/div><\/div><\/div><\/div><\/div><\/div><\/div><\/section><section class=\"l-section wpb_row height_small\"><div class=\"l-section-h i-cf\"><div class=\"g-cols vc_row via_flex valign_top type_default stacking_default\"><div class=\"vc_col-sm-6 wpb_column vc_column_container\"><div class=\"vc_column-inner\"><div class=\"wpb_wrapper\"><div class=\"w-separator size_custom\" style=\"height:32px\"><\/div><div class=\"wpb_text_column\"><div class=\"wpb_wrapper\"><h2><span style=\"font-size: 24pt;\">Laser processing heads<\/span><\/h2>\n<\/div><\/div><div class=\"wpb_text_column\"><div class=\"wpb_wrapper\"><p>Werfen Sie einen Blick auf unser Spektrum an verschiedenen Laserbearbeitungsk\u00f6pfen und verschaffen sich einen \u00dcberblick.<\/p>\n<\/div><\/div><div class=\"w-btn-wrapper align_none\"><a class=\"w-btn us-btn-style_1\" href=\"https:\/\/www.lt-ultra.com\/en\/beam-delivery\/laser-processing-heads\/\"><span class=\"w-btn-label\">Laser processing heads<\/span><\/a><\/div><\/div><\/div><\/div><div class=\"vc_col-sm-6 wpb_column vc_column_container\"><div class=\"vc_column-inner us_custom_7a5305c6\"><div class=\"wpb_wrapper\"><div class=\"w-image align_none\"><div class=\"w-image-h\"><img decoding=\"async\" width=\"1024\" height=\"427\" src=\"https:\/\/www.lt-ultra.com\/wp-content\/uploads\/2018\/06\/strahlfuehrung_schwenkkopf-1024x427.png\" class=\"attachment-large size-large\" alt=\"\" loading=\"lazy\" srcset=\"https:\/\/www.lt-ultra.com\/wp-content\/uploads\/2018\/06\/strahlfuehrung_schwenkkopf-1024x427.png 1024w, https:\/\/www.lt-ultra.com\/wp-content\/uploads\/2018\/06\/strahlfuehrung_schwenkkopf-300x125.png 300w, https:\/\/www.lt-ultra.com\/wp-content\/uploads\/2018\/06\/strahlfuehrung_schwenkkopf-768x320.png 768w, https:\/\/www.lt-ultra.com\/wp-content\/uploads\/2018\/06\/strahlfuehrung_schwenkkopf.png 1920w\" sizes=\"auto, (max-width: 1024px) 100vw, 1024px\" \/><\/div><\/div><\/div><\/div><\/div><\/div><\/div><\/section><section class=\"l-section wpb_row height_small\"><div class=\"l-section-h i-cf\"><div class=\"g-cols vc_row via_flex valign_top type_default stacking_default\"><div class=\"vc_col-sm-6 wpb_column vc_column_container\"><div class=\"vc_column-inner us_custom_7a5305c6\"><div class=\"wpb_wrapper\"><div class=\"w-image align_none\"><div class=\"w-image-h\"><img decoding=\"async\" width=\"1024\" height=\"427\" src=\"https:\/\/www.lt-ultra.com\/wp-content\/uploads\/2018\/06\/strahlfuehrung_schutzglaskassette-1024x427.png\" class=\"attachment-large size-large\" alt=\"\" loading=\"lazy\" srcset=\"https:\/\/www.lt-ultra.com\/wp-content\/uploads\/2018\/06\/strahlfuehrung_schutzglaskassette-1024x427.png 1024w, https:\/\/www.lt-ultra.com\/wp-content\/uploads\/2018\/06\/strahlfuehrung_schutzglaskassette-300x125.png 300w, https:\/\/www.lt-ultra.com\/wp-content\/uploads\/2018\/06\/strahlfuehrung_schutzglaskassette-768x320.png 768w, https:\/\/www.lt-ultra.com\/wp-content\/uploads\/2018\/06\/strahlfuehrung_schutzglaskassette.png 1920w\" sizes=\"auto, (max-width: 1024px) 100vw, 1024px\" \/><\/div><\/div><\/div><\/div><\/div><div class=\"vc_col-sm-6 wpb_column vc_column_container\"><div class=\"vc_column-inner\"><div class=\"wpb_wrapper\"><div class=\"w-separator size_custom\" style=\"height:32px\"><\/div><div class=\"wpb_text_column\"><div class=\"wpb_wrapper\"><h2><span style=\"font-size: 24pt;\">Components<\/span><\/h2>\n<\/div><\/div><div class=\"wpb_text_column\"><div class=\"wpb_wrapper\"><p>Hier erhalten Sie einen \u00dcberblick \u00fcber unsere Zubeh\u00f6rkomponenten f\u00fcr Ihre Strahlf\u00fchrungsanwendungen.<\/p>\n<\/div><\/div><div class=\"w-btn-wrapper align_none\"><a class=\"w-btn us-btn-style_1\" href=\"https:\/\/www.lt-ultra.com\/en\/beam-delivery\/components\/\"><span class=\"w-btn-label\">Components<\/span><\/a><\/div><\/div><\/div><\/div><\/div><\/div><\/section>\n","protected":false},"excerpt":{"rendered":"Beam delivery Laser processing heads Werfen Sie einen Blick auf unser Spektrum an verschiedenen Laserbearbeitungsk\u00f6pfen und verschaffen sich einen \u00dcberblick. Laser processing headsComponents Hier erhalten Sie einen \u00dcberblick \u00fcber unsere Zubeh\u00f6rkomponenten f\u00fcr Ihre Strahlf\u00fchrungsanwendungen. Components","protected":false},"author":1,"featured_media":0,"parent":0,"menu_order":0,"comment_status":"closed","ping_status":"closed","template":"","meta":{"footnotes":""},"class_list":["post-2439","page","type-page","status-publish","hentry"],"yoast_head":"<!-- This site is optimized with the Yoast SEO plugin v26.7 - https:\/\/yoast.com\/wordpress\/plugins\/seo\/ -->\n<title>Beam delivery - LT Ultra Precision Technology GmbH<\/title>\n<meta name=\"robots\" content=\"index, follow, max-snippet:-1, max-image-preview:large, max-video-preview:-1\" \/>\n<link rel=\"canonical\" href=\"https:\/\/www.lt-ultra.com\/en\/beam-delivery\/\" \/>\n<meta property=\"og:locale\" content=\"en_US\" \/>\n<meta property=\"og:type\" content=\"article\" \/>\n<meta property=\"og:title\" content=\"Beam delivery - LT Ultra Precision Technology GmbH\" \/>\n<meta property=\"og:url\" content=\"https:\/\/www.lt-ultra.com\/en\/beam-delivery\/\" \/>\n<meta property=\"og:site_name\" content=\"LT Ultra Precision Technology GmbH\" \/>\n<meta property=\"article:modified_time\" content=\"2026-02-17T15:27:57+00:00\" \/>\n<meta property=\"og:image\" content=\"https:\/\/www.lt-ultra.com\/wp-content\/uploads\/2018\/06\/LT_ultra_Logo_kompakt.jpg\" \/>\n\t<meta property=\"og:image:width\" content=\"510\" \/>\n\t<meta property=\"og:image:height\" content=\"682\" \/>\n\t<meta property=\"og:image:type\" content=\"image\/jpeg\" \/>\n<meta name=\"twitter:card\" content=\"summary_large_image\" \/>\n<meta name=\"twitter:label1\" content=\"Est. reading time\" \/>\n\t<meta name=\"twitter:data1\" content=\"1 minute\" \/>\n<script type=\"application\/ld+json\" class=\"yoast-schema-graph\">{\"@context\":\"https:\/\/schema.org\",\"@graph\":[{\"@type\":\"WebPage\",\"@id\":\"https:\/\/www.lt-ultra.com\/en\/beam-delivery\/\",\"url\":\"https:\/\/www.lt-ultra.com\/en\/beam-delivery\/\",\"name\":\"Beam delivery - LT Ultra Precision Technology GmbH\",\"isPartOf\":{\"@id\":\"https:\/\/www.lt-ultra.com\/#website\"},\"datePublished\":\"2018-10-25T10:46:08+00:00\",\"dateModified\":\"2026-02-17T15:27:57+00:00\",\"breadcrumb\":{\"@id\":\"https:\/\/www.lt-ultra.com\/en\/beam-delivery\/#breadcrumb\"},\"inLanguage\":\"en-US\",\"potentialAction\":[{\"@type\":\"ReadAction\",\"target\":[\"https:\/\/www.lt-ultra.com\/en\/beam-delivery\/\"]}]},{\"@type\":\"BreadcrumbList\",\"@id\":\"https:\/\/www.lt-ultra.com\/en\/beam-delivery\/#breadcrumb\",\"itemListElement\":[{\"@type\":\"ListItem\",\"position\":1,\"name\":\"Startseite\",\"item\":\"https:\/\/www.lt-ultra.com\/en\/\"},{\"@type\":\"ListItem\",\"position\":2,\"name\":\"Beam delivery\"}]},{\"@type\":\"WebSite\",\"@id\":\"https:\/\/www.lt-ultra.com\/#website\",\"url\":\"https:\/\/www.lt-ultra.com\/\",\"name\":\"LT-Ultra-Precision-Technology GmbH\",\"description\":\"Our Profession Is Precision\",\"publisher\":{\"@id\":\"https:\/\/www.lt-ultra.com\/#organization\"},\"potentialAction\":[{\"@type\":\"SearchAction\",\"target\":{\"@type\":\"EntryPoint\",\"urlTemplate\":\"https:\/\/www.lt-ultra.com\/?s={search_term_string}\"},\"query-input\":{\"@type\":\"PropertyValueSpecification\",\"valueRequired\":true,\"valueName\":\"search_term_string\"}}],\"inLanguage\":\"en-US\"},{\"@type\":\"Organization\",\"@id\":\"https:\/\/www.lt-ultra.com\/#organization\",\"name\":\"LT Ultra Precision Technology GmbH\",\"url\":\"https:\/\/www.lt-ultra.com\/\",\"logo\":{\"@type\":\"ImageObject\",\"inLanguage\":\"en-US\",\"@id\":\"https:\/\/www.lt-ultra.com\/#\/schema\/logo\/image\/\",\"url\":\"https:\/\/www.lt-ultra.com\/wp-content\/uploads\/2018\/06\/LT_ultra_Logo_kompakt.jpg\",\"contentUrl\":\"https:\/\/www.lt-ultra.com\/wp-content\/uploads\/2018\/06\/LT_ultra_Logo_kompakt.jpg\",\"width\":510,\"height\":682,\"caption\":\"LT Ultra Precision Technology GmbH\"},\"image\":{\"@id\":\"https:\/\/www.lt-ultra.com\/#\/schema\/logo\/image\/\"}}]}<\/script>\n<!-- \/ Yoast SEO plugin. -->","yoast_head_json":{"title":"Beam delivery - LT Ultra Precision Technology GmbH","robots":{"index":"index","follow":"follow","max-snippet":"max-snippet:-1","max-image-preview":"max-image-preview:large","max-video-preview":"max-video-preview:-1"},"canonical":"https:\/\/www.lt-ultra.com\/en\/beam-delivery\/","og_locale":"en_US","og_type":"article","og_title":"Beam delivery - LT Ultra Precision Technology GmbH","og_url":"https:\/\/www.lt-ultra.com\/en\/beam-delivery\/","og_site_name":"LT Ultra Precision Technology GmbH","article_modified_time":"2026-02-17T15:27:57+00:00","og_image":[{"width":510,"height":682,"url":"https:\/\/www.lt-ultra.com\/wp-content\/uploads\/2018\/06\/LT_ultra_Logo_kompakt.jpg","type":"image\/jpeg"}],"twitter_card":"summary_large_image","twitter_misc":{"Est. reading time":"1 minute"},"schema":{"@context":"https:\/\/schema.org","@graph":[{"@type":"WebPage","@id":"https:\/\/www.lt-ultra.com\/en\/beam-delivery\/","url":"https:\/\/www.lt-ultra.com\/en\/beam-delivery\/","name":"Beam delivery - LT Ultra Precision Technology GmbH","isPartOf":{"@id":"https:\/\/www.lt-ultra.com\/#website"},"datePublished":"2018-10-25T10:46:08+00:00","dateModified":"2026-02-17T15:27:57+00:00","breadcrumb":{"@id":"https:\/\/www.lt-ultra.com\/en\/beam-delivery\/#breadcrumb"},"inLanguage":"en-US","potentialAction":[{"@type":"ReadAction","target":["https:\/\/www.lt-ultra.com\/en\/beam-delivery\/"]}]},{"@type":"BreadcrumbList","@id":"https:\/\/www.lt-ultra.com\/en\/beam-delivery\/#breadcrumb","itemListElement":[{"@type":"ListItem","position":1,"name":"Startseite","item":"https:\/\/www.lt-ultra.com\/en\/"},{"@type":"ListItem","position":2,"name":"Beam delivery"}]},{"@type":"WebSite","@id":"https:\/\/www.lt-ultra.com\/#website","url":"https:\/\/www.lt-ultra.com\/","name":"LT-Ultra-Precision-Technology GmbH","description":"Our Profession Is Precision","publisher":{"@id":"https:\/\/www.lt-ultra.com\/#organization"},"potentialAction":[{"@type":"SearchAction","target":{"@type":"EntryPoint","urlTemplate":"https:\/\/www.lt-ultra.com\/?s={search_term_string}"},"query-input":{"@type":"PropertyValueSpecification","valueRequired":true,"valueName":"search_term_string"}}],"inLanguage":"en-US"},{"@type":"Organization","@id":"https:\/\/www.lt-ultra.com\/#organization","name":"LT Ultra Precision Technology GmbH","url":"https:\/\/www.lt-ultra.com\/","logo":{"@type":"ImageObject","inLanguage":"en-US","@id":"https:\/\/www.lt-ultra.com\/#\/schema\/logo\/image\/","url":"https:\/\/www.lt-ultra.com\/wp-content\/uploads\/2018\/06\/LT_ultra_Logo_kompakt.jpg","contentUrl":"https:\/\/www.lt-ultra.com\/wp-content\/uploads\/2018\/06\/LT_ultra_Logo_kompakt.jpg","width":510,"height":682,"caption":"LT Ultra Precision Technology GmbH"},"image":{"@id":"https:\/\/www.lt-ultra.com\/#\/schema\/logo\/image\/"}}]}},"_links":{"self":[{"href":"https:\/\/www.lt-ultra.com\/en\/wp-json\/wp\/v2\/pages\/2439","targetHints":{"allow":["GET"]}}],"collection":[{"href":"https:\/\/www.lt-ultra.com\/en\/wp-json\/wp\/v2\/pages"}],"about":[{"href":"https:\/\/www.lt-ultra.com\/en\/wp-json\/wp\/v2\/types\/page"}],"author":[{"embeddable":true,"href":"https:\/\/www.lt-ultra.com\/en\/wp-json\/wp\/v2\/users\/1"}],"replies":[{"embeddable":true,"href":"https:\/\/www.lt-ultra.com\/en\/wp-json\/wp\/v2\/comments?post=2439"}],"version-history":[{"count":14,"href":"https:\/\/www.lt-ultra.com\/en\/wp-json\/wp\/v2\/pages\/2439\/revisions"}],"predecessor-version":[{"id":8476,"href":"https:\/\/www.lt-ultra.com\/en\/wp-json\/wp\/v2\/pages\/2439\/revisions\/8476"}],"wp:attachment":[{"href":"https:\/\/www.lt-ultra.com\/en\/wp-json\/wp\/v2\/media?parent=2439"}],"curies":[{"name":"wp","href":"https:\/\/api.w.org\/{rel}","templated":true}]}}